
{"id":35562,"date":"2024-05-03T14:55:49","date_gmt":"2024-05-03T14:55:49","guid":{"rendered":"https:\/\/www.consolidatedcreditcanadahere.ca\/?page_id=35562"},"modified":"2024-05-06T15:01:19","modified_gmt":"2024-05-06T15:01:19","slug":"reviews","status":"publish","type":"page","link":"https:\/\/www.consolidatedcreditcanadahere.ca\/fr\/revue\/","title":{"rendered":"Revue"},"content":{"rendered":"\n<p>Travailler avec un conseiller en cr\u00e9dit est une relation qui doit \u00eatre fond\u00e9e sur la confiance. Il est essentiel que vous vous sentiez \u00e0 l\u2019aise et ayez confiance en votre \u00e9quipe de conseil en cr\u00e9dit. Sinon, vous n\u2019obtenez pas la tranquillit\u00e9 d\u2019esprit que vous avez trouv\u00e9 la bonne solution pour l\u2019all\u00e9gement de la dette de carte de cr\u00e9dit. Ces \u00e9valuations pour Consolidated Credit proviennent du site d\u2019\u00e9valuation ind\u00e9pendante et tierce Trustpilot.<\/p>\n\n\n\n<!-- TrustBox widget - Grid -->\n<div class=\"trustpilot-widget\" data-locale=\"en-CA\" data-template-id=\"539adbd6dec7e10e686debee\" data-businessunit-id=\"5859b41c0000ff0005997846\" data-style-height=\"1250px\" data-style-width=\"100%\" data-tags=\"BGLFrench\" data-stars=\"4,5\" data-schema-type=\"Organization\"><a href=\"https:\/\/www.trustpilot.com\/review\/consolidatedcredit.ca\" target=\"_blank\" rel=\"noopener noreferrer\">Trustpilot<\/a><\/div>\n<!-- End TrustBox widget -->\n","protected":false},"excerpt":{"rendered":"<p>Travailler avec un conseiller en cr\u00e9dit est une relation qui doit \u00eatre fond\u00e9e sur la confiance. Il est essentiel que vous vous sentiez \u00e0 l\u2019aise et ayez confiance en votre \u00e9quipe de conseil en cr\u00e9dit. Sinon, vous n\u2019obtenez pas la tranquillit\u00e9 d\u2019esprit que vous avez trouv\u00e9 la bonne solution pour l\u2019all\u00e9gement de la dette de [&hellip;]<\/p>\n","protected":false},"author":1,"featured_media":0,"parent":35553,"menu_order":0,"comment_status":"closed","ping_status":"closed","template":"","meta":{"_acf_changed":false,"footnotes":""},"class_list":["post-35562","page","type-page","status-publish","hentry"],"acf":[],"_links":{"self":[{"href":"https:\/\/www.consolidatedcreditcanadahere.ca\/fr\/wp-json\/wp\/v2\/pages\/35562","targetHints":{"allow":["GET"]}}],"collection":[{"href":"https:\/\/www.consolidatedcreditcanadahere.ca\/fr\/wp-json\/wp\/v2\/pages"}],"about":[{"href":"https:\/\/www.consolidatedcreditcanadahere.ca\/fr\/wp-json\/wp\/v2\/types\/page"}],"author":[{"embeddable":true,"href":"https:\/\/www.consolidatedcreditcanadahere.ca\/fr\/wp-json\/wp\/v2\/users\/1"}],"replies":[{"embeddable":true,"href":"https:\/\/www.consolidatedcreditcanadahere.ca\/fr\/wp-json\/wp\/v2\/comments?post=35562"}],"version-history":[{"count":3,"href":"https:\/\/www.consolidatedcreditcanadahere.ca\/fr\/wp-json\/wp\/v2\/pages\/35562\/revisions"}],"predecessor-version":[{"id":35567,"href":"https:\/\/www.consolidatedcreditcanadahere.ca\/fr\/wp-json\/wp\/v2\/pages\/35562\/revisions\/35567"}],"up":[{"embeddable":true,"href":"https:\/\/www.consolidatedcreditcanadahere.ca\/fr\/wp-json\/wp\/v2\/pages\/35553"}],"wp:attachment":[{"href":"https:\/\/www.consolidatedcreditcanadahere.ca\/fr\/wp-json\/wp\/v2\/media?parent=35562"}],"curies":[{"name":"wp","href":"https:\/\/api.w.org\/{rel}","templated":true}]}}